{"id":560,"date":"2025-10-11T20:40:18","date_gmt":"2025-10-11T20:40:18","guid":{"rendered":"https:\/\/sabineblasius.com\/?page_id=560"},"modified":"2025-10-11T20:46:09","modified_gmt":"2025-10-11T20:46:09","slug":"uber-mich","status":"publish","type":"page","link":"https:\/\/sabineblasius.com\/index.php\/uber-mich\/","title":{"rendered":"\u00fcber mich"},"content":{"rendered":"\t\t<div data-elementor-type=\"wp-page\" data-elementor-id=\"560\" class=\"elementor elementor-560\" data-elementor-post-type=\"page\">\n\t\t\t\t\t\t<section class=\"elementor-section elementor-top-section elementor-element elementor-element-2df1dad elementor-section-height-min-height elementor-section-boxed elementor-section-height-default elementor-section-items-middle\" data-id=\"2df1dad\" data-element_type=\"section\" data-e-type=\"section\" data-settings=\"{&quot;background_background&quot;:&quot;classic&quot;}\">\n\t\t\t\t\t\t\t<div class=\"elementor-background-overlay\"><\/div>\n\t\t\t\t\t\t\t<div class=\"elementor-container elementor-column-gap-default\">\n\t\t\t\t\t<div class=\"elementor-column elementor-col-100 elementor-top-column elementor-element elementor-element-d5b0021\" data-id=\"d5b0021\" data-element_type=\"column\" data-e-type=\"column\">\n\t\t\t<div class=\"elementor-widget-wrap elementor-element-populated\">\n\t\t\t\t\t\t<div class=\"elementor-element elementor-element-7512bf1 elementor-widget elementor-widget-heading\" data-id=\"7512bf1\" data-element_type=\"widget\" data-e-type=\"widget\" data-widget_type=\"heading.default\">\n\t\t\t\t\t<h1 class=\"elementor-heading-title elementor-size-default\">\u00fcber mich<\/h1>\t\t\t\t<\/div>\n\t\t\t\t\t<\/div>\n\t\t<\/div>\n\t\t\t\t\t<\/div>\n\t\t<\/section>\n\t\t\t\t<section class=\"elementor-section elementor-top-section elementor-element elementor-element-0e55794 elementor-section-boxed elementor-section-height-default elementor-section-height-default\" data-id=\"0e55794\" data-element_type=\"section\" data-e-type=\"section\">\n\t\t\t\t\t\t<div class=\"elementor-container elementor-column-gap-default\">\n\t\t\t\t\t<div class=\"elementor-column elementor-col-100 elementor-top-column elementor-element elementor-element-80f9e9f\" data-id=\"80f9e9f\" data-element_type=\"column\" data-e-type=\"column\">\n\t\t\t<div class=\"elementor-widget-wrap elementor-element-populated\">\n\t\t\t\t\t\t<div class=\"elementor-element elementor-element-a2647c5 elementor-widget elementor-widget-text-editor\" data-id=\"a2647c5\" data-element_type=\"widget\" data-e-type=\"widget\" data-widget_type=\"text-editor.default\">\n\t\t\t\t\t\t\t\t\t<!-- Section 1 -->\n  <div style=\"margin-bottom: 2em;\">\n    <h3 style=\"font-family: 'Playfair Display', serif; font-size: 1.4em; color: #C9A66B; margin-bottom: 0.6em;\">\n      \ud83c\udf3f Ein Leben f\u00fcr Entwicklung, Bewusstsein und Verbundenheit\n    <\/h3>\n    <p>\n      Seit fast 20 Jahren begleite ich Menschen in ihrer pers\u00f6nlichen und beruflichen Entwicklung \u2013 \n      als freie Dozentin, Mentorin und Coachin im Bildungsbereich.  \n      Mich bewegt die Frage, wie wir innere Balance, Freude und Verbundenheit mit uns selbst wiederfinden k\u00f6nnen \u2013 \n      auch in Zeiten von Ver\u00e4nderung oder Belastung.\n    <\/p>\n  <\/div>\n\n  <!-- Section 2 -->\n  <div style=\"margin-bottom: 2em;\">\n    <h3 style=\"font-family: 'Playfair Display', serif; font-size: 1.4em; color: #C9A66B; margin-bottom: 0.6em;\">\n      \ud83d\udc9b Mein Ansatz\n    <\/h3>\n    <p>\n      In meiner Arbeit verbinde ich wissenschaftlich fundierte Methoden wie das HeartMath\u00ae Resilienztraining \n      mit tiefgehenden Coachingans\u00e4tzen und energetischen Prozessen.  \n      Ich unterst\u00fctze Menschen dabei, Stress abzubauen, emotionale Blockaden zu l\u00f6sen und die Verbindung \n      zu ihrer eigenen Herzkraft wieder zu sp\u00fcren.\n    <\/p>\n  <\/div>\n\n  <!-- Section 3 -->\n  <div style=\"margin-bottom: 2em;\">\n    <h3 style=\"font-family: 'Playfair Display', serif; font-size: 1.4em; color: #C9A66B; margin-bottom: 0.6em;\">\n      \ud83c\udf38 Meine Qualifikationen\n    <\/h3>\n    <ul style=\"margin-left: 1.5em; padding-left: 10px;\">\n      <li>Zertifizierte HeartMath\u00ae Coachin<\/li>\n      <li>Zertifizierte Heartwall Coachin<\/li>\n      <li>Zertifizierte Inspirationscoachin (Herz \u00fcber Kopf-Methode, Christina &amp; Walter Hommelsheim \/ Greator Coaches)<\/li>\n      <li>Zertifizierte Energie\u00aeCoachin (nach Vadim Tschenze)<\/li>\n      <li>Access Bars\u00ae Practitioner<\/li>\n      <li>Ho\u2019oponopono Practitioner<\/li>\n      <li>HPE Formel (Graziella Wicki u.a.)<\/li>\n    <\/ul>\n  <\/div>\n\n  <!-- Section 4 -->\n  <div style=\"margin-bottom: 2.5em;\">\n    <h3 style=\"font-family: 'Playfair Display', serif; font-size: 1.4em; color: #C9A66B; margin-bottom: 0.6em;\">\n      \u2728 Meine \u00dcberzeugung\n    <\/h3>\n    <blockquote style=\"font-style: italic; background: #f8f6f3; color: #444; padding: 1em 1.5em; border-left: 5px solid #C9A66B; border-radius: 6px; margin-top: 1em;\">\n      \ud83d\udc9b \u201eWahre Ver\u00e4nderung beginnt im Herzen \u2013 und f\u00fchrt Schritt f\u00fcr Schritt in ein bewusstes, erf\u00fclltes Leben.\u201c\n    <\/blockquote>\n  <\/div>\n\n<\/div>\t\t\t\t\t\t\t\t<\/div>\n\t\t\t\t\t<\/div>\n\t\t<\/div>\n\t\t\t\t\t<\/div>\n\t\t<\/section>\n\t\t\t\t<\/div>\n\t\t","protected":false},"excerpt":{"rendered":"<p>\ud83c\udf3f Ein Leben f\u00fcr Entwicklung, Bewusstsein und Verbundenheit Seit fast 20 Jahren begleite ich Menschen in ihrer pers\u00f6nlichen und beruflichen Entwicklung \u2013 als freie Dozentin, Mentorin und Coachin im Bildungsbereich. Mich bewegt die Frage, wie wir innere Balance, Freude und Verbundenheit mit uns selbst wiederfinden k\u00f6nnen \u2013 auch in Zeiten von Ver\u00e4nderung oder Belastung. \ud83d\udc9b [&hellip;]<\/p>\n","protected":false},"author":2,"featured_media":0,"parent":0,"menu_order":0,"comment_status":"closed","ping_status":"closed","template":"elementor_header_footer","meta":{"footnotes":""},"class_list":["post-560","page","type-page","status-publish","hentry"],"_links":{"self":[{"href":"https:\/\/sabineblasius.com\/index.php\/wp-json\/wp\/v2\/pages\/560","targetHints":{"allow":["GET"]}}],"collection":[{"href":"https:\/\/sabineblasius.com\/index.php\/wp-json\/wp\/v2\/pages"}],"about":[{"href":"https:\/\/sabineblasius.com\/index.php\/wp-json\/wp\/v2\/types\/page"}],"author":[{"embeddable":true,"href":"https:\/\/sabineblasius.com\/index.php\/wp-json\/wp\/v2\/users\/2"}],"replies":[{"embeddable":true,"href":"https:\/\/sabineblasius.com\/index.php\/wp-json\/wp\/v2\/comments?post=560"}],"version-history":[{"count":10,"href":"https:\/\/sabineblasius.com\/index.php\/wp-json\/wp\/v2\/pages\/560\/revisions"}],"predecessor-version":[{"id":573,"href":"https:\/\/sabineblasius.com\/index.php\/wp-json\/wp\/v2\/pages\/560\/revisions\/573"}],"wp:attachment":[{"href":"https:\/\/sabineblasius.com\/index.php\/wp-json\/wp\/v2\/media?parent=560"}],"curies":[{"name":"wp","href":"https:\/\/api.w.org\/{rel}","templated":true}]}}