{"id":340,"date":"2025-10-10T12:05:45","date_gmt":"2025-10-10T12:05:45","guid":{"rendered":"https:\/\/sabineblasius.com\/?page_id=340"},"modified":"2025-10-10T13:54:35","modified_gmt":"2025-10-10T13:54:35","slug":"access-bars-anwendung","status":"publish","type":"page","link":"https:\/\/sabineblasius.com\/index.php\/access-bars-anwendung\/","title":{"rendered":"Access Bars\u00ae Anwendung"},"content":{"rendered":"\t\t<div data-elementor-type=\"wp-page\" data-elementor-id=\"340\" class=\"elementor elementor-340\" data-elementor-post-type=\"page\">\n\t\t\t\t\t\t<section class=\"elementor-section elementor-top-section elementor-element elementor-element-8bf7a16 elementor-section-height-min-height elementor-section-boxed elementor-section-height-default elementor-section-items-middle\" data-id=\"8bf7a16\" data-element_type=\"section\" data-e-type=\"section\" data-settings=\"{&quot;background_background&quot;:&quot;classic&quot;}\">\n\t\t\t\t\t\t\t<div class=\"elementor-background-overlay\"><\/div>\n\t\t\t\t\t\t\t<div class=\"elementor-container elementor-column-gap-default\">\n\t\t\t\t\t<div class=\"elementor-column elementor-col-100 elementor-top-column elementor-element elementor-element-cb98c9f\" data-id=\"cb98c9f\" data-element_type=\"column\" data-e-type=\"column\">\n\t\t\t<div class=\"elementor-widget-wrap elementor-element-populated\">\n\t\t\t\t\t\t<div class=\"elementor-element elementor-element-d182472 elementor-widget elementor-widget-heading\" data-id=\"d182472\" data-element_type=\"widget\" data-e-type=\"widget\" data-widget_type=\"heading.default\">\n\t\t\t\t\t<h1 class=\"elementor-heading-title elementor-size-default\">Access Bars\u00ae Anwendung<\/h1>\t\t\t\t<\/div>\n\t\t\t\t\t<\/div>\n\t\t<\/div>\n\t\t\t\t\t<\/div>\n\t\t<\/section>\n\t\t\t\t<section class=\"elementor-section elementor-top-section elementor-element elementor-element-ce28020 elementor-section-boxed elementor-section-height-default elementor-section-height-default\" data-id=\"ce28020\" data-element_type=\"section\" data-e-type=\"section\">\n\t\t\t\t\t\t<div class=\"elementor-container elementor-column-gap-default\">\n\t\t\t\t\t<div class=\"elementor-column elementor-col-100 elementor-top-column elementor-element elementor-element-ba53f33\" data-id=\"ba53f33\" data-element_type=\"column\" data-e-type=\"column\">\n\t\t\t<div class=\"elementor-widget-wrap elementor-element-populated\">\n\t\t\t\t\t\t<div class=\"elementor-element elementor-element-225392a elementor-widget elementor-widget-text-editor\" data-id=\"225392a\" data-element_type=\"widget\" data-e-type=\"widget\" data-widget_type=\"text-editor.default\">\n\t\t\t\t\t\t\t\t\t<p>Die Access Bars\u00ae sind 32 Energiepunkte am Kopf. Bei sanfter Ber\u00fchrung k\u00f6nnen Blockaden, die durch Gedanken, Gef\u00fchle oder alte Muster entstanden sind, gel\u00f6st werden. Nutzen: tiefe Entspannung, Loslassen belastender Gedanken, neue Leichtigkeit. Dauer: 60 Minuten, optional mit \u00e4therischen \u00d6len von Young Living.<\/p>\t\t\t\t\t\t\t\t<\/div>\n\t\t\t\t<div class=\"elementor-element elementor-element-5b845f8 elementor-tablet-align-center elementor-align-center elementor-widget elementor-widget-button\" data-id=\"5b845f8\" data-element_type=\"widget\" data-e-type=\"widget\" data-widget_type=\"button.default\">\n\t\t\t\t\t\t\t\t\t\t<a class=\"elementor-button elementor-button-link elementor-size-sm elementor-animation-float\" href=\"#elementor-action%3Aaction%3Dpopup%3Aopen%26settings%3DeyJpZCI6IjI0MyIsInRvZ2dsZSI6ZmFsc2V9\">\n\t\t\t\t\t\t<span class=\"elementor-button-content-wrapper\">\n\t\t\t\t\t\t<span class=\"elementor-button-icon\">\n\t\t\t\t<i aria-hidden=\"true\" class=\"icon icon-right-arrow\"><\/i>\t\t\t<\/span>\n\t\t\t\t\t\t\t\t\t<span class=\"elementor-button-text\">Termin anfragen<\/span>\n\t\t\t\t\t<\/span>\n\t\t\t\t\t<\/a>\n\t\t\t\t\t\t\t\t<\/div>\n\t\t\t\t\t<\/div>\n\t\t<\/div>\n\t\t\t\t\t<\/div>\n\t\t<\/section>\n\t\t\t\t<\/div>\n\t\t","protected":false},"excerpt":{"rendered":"<p>Die Access Bars\u00ae sind 32 Energiepunkte am Kopf. Bei sanfter Ber\u00fchrung k\u00f6nnen Blockaden, die durch Gedanken, Gef\u00fchle oder alte Muster entstanden sind, gel\u00f6st werden. Nutzen: tiefe Entspannung, Loslassen belastender Gedanken, neue Leichtigkeit. Dauer: 60 Minuten, optional mit \u00e4therischen \u00d6len von Young Living. Termin anfragen<\/p>\n","protected":false},"author":2,"featured_media":0,"parent":0,"menu_order":0,"comment_status":"closed","ping_status":"closed","template":"elementor_header_footer","meta":{"footnotes":""},"class_list":["post-340","page","type-page","status-publish","hentry"],"_links":{"self":[{"href":"https:\/\/sabineblasius.com\/index.php\/wp-json\/wp\/v2\/pages\/340","targetHints":{"allow":["GET"]}}],"collection":[{"href":"https:\/\/sabineblasius.com\/index.php\/wp-json\/wp\/v2\/pages"}],"about":[{"href":"https:\/\/sabineblasius.com\/index.php\/wp-json\/wp\/v2\/types\/page"}],"author":[{"embeddable":true,"href":"https:\/\/sabineblasius.com\/index.php\/wp-json\/wp\/v2\/users\/2"}],"replies":[{"embeddable":true,"href":"https:\/\/sabineblasius.com\/index.php\/wp-json\/wp\/v2\/comments?post=340"}],"version-history":[{"count":9,"href":"https:\/\/sabineblasius.com\/index.php\/wp-json\/wp\/v2\/pages\/340\/revisions"}],"predecessor-version":[{"id":488,"href":"https:\/\/sabineblasius.com\/index.php\/wp-json\/wp\/v2\/pages\/340\/revisions\/488"}],"wp:attachment":[{"href":"https:\/\/sabineblasius.com\/index.php\/wp-json\/wp\/v2\/media?parent=340"}],"curies":[{"name":"wp","href":"https:\/\/api.w.org\/{rel}","templated":true}]}}